{"id":13,"date":"2015-06-01T19:08:46","date_gmt":"2015-06-01T17:08:46","guid":{"rendered":"http:\/\/www.hamburgerlektorat.de\/wordpress\/?page_id=13"},"modified":"2023-02-13T19:57:52","modified_gmt":"2023-02-13T18:57:52","slug":"kontakt-impressum","status":"publish","type":"page","link":"https:\/\/www.hamburgerlektorat.de\/wordpress\/kontakt-impressum\/","title":{"rendered":"Kontakt\/Impressum"},"content":{"rendered":"<h2 class=\"bodytext\"><b>Hamburger Lektorat<\/b><\/h2>\n<h2 class=\"bodytext\">Schreiben Sie uns!<\/h2>\n\n<div class=\"wpcf7 no-js\" id=\"wpcf7-f45-o1\" lang=\"de-DE\" dir=\"ltr\">\n<div class=\"screen-reader-response\"><p role=\"status\" aria-live=\"polite\" aria-atomic=\"true\"><\/p> <ul><\/ul><\/div>\n<form action=\"\/wordpress\/wp-json\/wp\/v2\/pages\/13#wpcf7-f45-o1\" method=\"post\" class=\"wpcf7-form init\" aria-label=\"Kontaktformular\" novalidate=\"novalidate\" data-status=\"init\">\n<div style=\"display: none;\">\n<input type=\"hidden\" name=\"_wpcf7\" value=\"45\" \/>\n<input type=\"hidden\" name=\"_wpcf7_version\" value=\"5.7.7\" \/>\n<input type=\"hidden\" name=\"_wpcf7_locale\" value=\"de_DE\" \/>\n<input type=\"hidden\" name=\"_wpcf7_unit_tag\" value=\"wpcf7-f45-o1\" \/>\n<input type=\"hidden\" name=\"_wpcf7_container_post\" value=\"0\" \/>\n<input type=\"hidden\" name=\"_wpcf7_posted_data_hash\" value=\"\" \/>\n<\/div>\n<p>Ihr Name (Pflichtfeld)\n<\/p>\n<p><span class=\"wpcf7-form-control-wrap\" data-name=\"your-name\"><input size=\"40\" class=\"wpcf7-form-control wpcf7-text wpcf7-validates-as-required\" aria-required=\"true\" aria-invalid=\"false\" value=\"\" type=\"text\" name=\"your-name\" \/><\/span><br \/>\nIhre E-Mail-Adresse (Pflichtfeld)\n<\/p>\n<p><span class=\"wpcf7-form-control-wrap\" data-name=\"your-email\"><input size=\"40\" class=\"wpcf7-form-control wpcf7-text wpcf7-email wpcf7-validates-as-required wpcf7-validates-as-email\" aria-required=\"true\" aria-invalid=\"false\" value=\"\" type=\"email\" name=\"your-email\" \/><\/span>\n<\/p>\n<p>Betreff\n<\/p>\n<p><span class=\"wpcf7-form-control-wrap\" data-name=\"your-subject\"><input size=\"40\" class=\"wpcf7-form-control wpcf7-text\" aria-invalid=\"false\" value=\"\" type=\"text\" name=\"your-subject\" \/><\/span>\n<\/p>\n<p>Ihre Nachricht\n<\/p>\n<p><span class=\"wpcf7-form-control-wrap\" data-name=\"your-message\"><textarea cols=\"40\" rows=\"4\" class=\"wpcf7-form-control wpcf7-textarea\" aria-invalid=\"false\" name=\"your-message\"><\/textarea><\/span><br\/ \/>\n<\/p>\n<p><input class=\"wpcf7-form-control has-spinner wpcf7-submit\" type=\"submit\" value=\"Senden\" \/>\n<\/p><p style=\"display: none !important;\" class=\"akismet-fields-container\" data-prefix=\"_wpcf7_ak_\"><label>&#916;<textarea name=\"_wpcf7_ak_hp_textarea\" cols=\"45\" rows=\"8\" maxlength=\"100\"><\/textarea><\/label><input type=\"hidden\" id=\"ak_js_1\" name=\"_wpcf7_ak_js\" value=\"203\"\/><script type=\"text\/javascript\">\ndocument.getElementById( \"ak_js_1\" ).setAttribute( \"value\", ( new Date() ).getTime() );\n<\/script>\n<\/p><div class=\"wpcf7-response-output\" aria-hidden=\"true\"><\/div>\n<\/form>\n<\/div>\n\n<p class=\"bodytext\">Kontakt: <a href=\"mailto:hamburger.lektorat@gmail.com\">hamburger.lektorat@gmail.com<\/a><\/p>\n<div>Telefon Mo. &#8211; Fr. 9.00 -17.00 Uhr mit AB 040 &#8211; 49 46 56<\/div>\n<h2 class=\"bodytext\"><\/h2>\n<p class=\"bodytext\">\n<h2>Impressum:<\/h2>\n<p class=\"bodytext\"><b>Hamburger Lektorat<\/b><br \/>\nCorinna Luerweg<br \/>\nAn der Lohbek 5<br \/>\n22529 Hamburg<\/p>\n<p class=\"bodytext\">Redaktion: Corinna Luerweg<br \/>\nAdministratorin: Miriam Stroetmann<br \/>\nDesign und Grafik der Homepage: Johanna Liebsch<\/p>\n<p class=\"bodytext\">Alle Inhalte dieser Seite sind urheberrechtlich gesch\u00fctzt.<br \/>\nVerst\u00f6\u00dfe werden geahndet.<\/p>\n<p class=\"bodytext\">Zudem sind wir nicht f\u00fcr die Inhalte der Zielseiten von\u00a0externen Links verantwortlich.<\/p>\n","protected":false},"excerpt":{"rendered":"<p>Hamburger Lektorat Schreiben Sie uns! Kontakt: hamburger.lektorat@gmail.com Telefon Mo. &#8211; Fr. 9.00 -17.00 Uhr mit AB 040 &#8211; 49 46 56 Impressum: Hamburger Lektorat Corinna Luerweg An der Lohbek 5 22529 Hamburg Redaktion: Corinna Luerweg Administratorin: Miriam Stroetmann Design und Grafik der Homepage: Johanna Liebsch Alle Inhalte dieser Seite sind urheberrechtlich gesch\u00fctzt. Verst\u00f6\u00dfe werden geahndet. &hellip; <\/p>\n<p><a class=\"more-link btn\" href=\"https:\/\/www.hamburgerlektorat.de\/wordpress\/kontakt-impressum\/\">Weiterlesen<\/a><\/p>\n","protected":false},"author":2,"featured_media":0,"parent":0,"menu_order":5,"comment_status":"open","ping_status":"open","template":"","meta":[],"_links":{"self":[{"href":"https:\/\/www.hamburgerlektorat.de\/wordpress\/wp-json\/wp\/v2\/pages\/13"}],"collection":[{"href":"https:\/\/www.hamburgerlektorat.de\/wordpress\/wp-json\/wp\/v2\/pages"}],"about":[{"href":"https:\/\/www.hamburgerlektorat.de\/wordpress\/wp-json\/wp\/v2\/types\/page"}],"author":[{"embeddable":true,"href":"https:\/\/www.hamburgerlektorat.de\/wordpress\/wp-json\/wp\/v2\/users\/2"}],"replies":[{"embeddable":true,"href":"https:\/\/www.hamburgerlektorat.de\/wordpress\/wp-json\/wp\/v2\/comments?post=13"}],"version-history":[{"count":30,"href":"https:\/\/www.hamburgerlektorat.de\/wordpress\/wp-json\/wp\/v2\/pages\/13\/revisions"}],"predecessor-version":[{"id":294,"href":"https:\/\/www.hamburgerlektorat.de\/wordpress\/wp-json\/wp\/v2\/pages\/13\/revisions\/294"}],"wp:attachment":[{"href":"https:\/\/www.hamburgerlektorat.de\/wordpress\/wp-json\/wp\/v2\/media?parent=13"}],"curies":[{"name":"wp","href":"https:\/\/api.w.org\/{rel}","templated":true}]}}