{"id":2,"date":"2015-02-16T14:17:10","date_gmt":"2015-02-16T14:17:10","guid":{"rendered":"\/?page_id=2"},"modified":"2023-02-13T20:04:18","modified_gmt":"2023-02-13T19:04:18","slug":"beispiel-seite","status":"publish","type":"page","link":"https:\/\/www.hamburgerlektorat.de\/wordpress\/","title":{"rendered":"Home"},"content":{"rendered":"<div class=\"csc-textpic-text\">\n<a href=\"https:\/\/www.hamburgerlektorat.de\/wordpress\/wp-content\/uploads\/2019\/01\/Wilhelmine-WP-2.jpg\"><img decoding=\"async\" loading=\"lazy\" class=\"size-full wp-image-235 alignright\" src=\"https:\/\/www.hamburgerlektorat.de\/wordpress\/wp-content\/uploads\/2019\/01\/Wilhelmine-WP-2.jpg\" alt=\"\" width=\"293\" height=\"1100\" srcset=\"https:\/\/www.hamburgerlektorat.de\/wordpress\/wp-content\/uploads\/2019\/01\/Wilhelmine-WP-2.jpg 293w, https:\/\/www.hamburgerlektorat.de\/wordpress\/wp-content\/uploads\/2019\/01\/Wilhelmine-WP-2-80x300.jpg 80w, https:\/\/www.hamburgerlektorat.de\/wordpress\/wp-content\/uploads\/2019\/01\/Wilhelmine-WP-2-273x1024.jpg 273w\" sizes=\"(max-width: 293px) 100vw, 293px\" \/><\/a><\/p>\n<h2>Hamburger Lektorat \u2013 wir l\u00f6sen Ihre Textprobleme<\/h2>\n<h2>Das eigene Buch<\/h2>\n<p class=\"bodytext\">Sie haben Ihren Roman oder Ihre Autobiografie fertig geschrieben? Sie haben alle H\u00f6hen und Tiefen des Recherchierens, Schreibens und \u00dcberarbeitens durchlaufen und durchlitten \u2013 aber nun soll Ihr Buch endlich gedruckt werden. Wir lektorieren&nbsp; und korrigieren Ihr Manuskript so, dass Sie es einem Verlag anbieten k\u00f6nnen.<\/p>\n<h2>L\u00e4stige Fl\u00fcchtigkeitsfehler<\/h2>\n<p class=\"bodytext\">Bei E-Mails dr\u00fccken alle ein Auge zu, aber bei Gesch\u00e4ftspost oder Manuskripten, die in Druck gehen sollen, sind selbst kleine Fl\u00fcchtigkeitsfehler keine sch\u00f6ne Visitenkarte \u2013 geschweige denn grammatikalische Ungereimtheiten und falsch gesetzte oder vergessene Kommata. Wir korrigieren Ihre Texte mit Argusaugen \u2013 schnell und zuverl\u00e4ssig.<\/p>\n<h2>Dem Stil auf die Spr\u00fcnge helfen<\/h2>\n<p class=\"bodytext\">Jeder wei\u00df, dass die ersten S\u00e4tze eines Textes meist dar\u00fcber entscheiden, ob man gern weiterliest. Mitunter muss man sich ja durch langatmige und langweilige Texte qu\u00e4len, um etwas Neues oder Spannendes zu erfahren. Aber wer tut das gern? Oft sind es nur harmlose stilistische Korrekturen, die fl\u00fcssiges Lesen garantieren. Wir \u00fcberarbeiten Ihre Manuskripte, ohne den Aussagewert zu ver\u00e4ndern oder gar zu verf\u00e4lschen. Wir sorgen nur daf\u00fcr, dass das Lesevergn\u00fcgen nicht auf der Strecke bleibt.<\/p>\n<h2>Texte und Zahlen<\/h2>\n<p class=\"bodytext\">48,3 % Umsatzwachstum \u2013 so steht es in der Tabelle des Gesch\u00e4ftsberichts, den Sie druckfertig machen sollen. Im Text hei\u00dft es aber: 48,9 %. Ihnen fehlt die Zeit, jede Zahl zu kontrollieren. Das \u00fcbernehmen wir gern f\u00fcr Sie. Schicken Sie uns das Manuskript, wir vergleichen Text und Tabellen sorgf\u00e4ltig.<\/p>\n<h2>Fakten checken &#8211; der Inhalt muss stimmen<\/h2>\n<p class=\"bodytext\">\u201eSeit 20 Jahren tobt in der Hamburger Fabrik das Leben. Shows, Polittalks, Tanzvergn\u00fcgen \u2013 ein Jahr, nachdem die Fabrik 1981 stillgelegt wurde, haben Gustav Mustermann und Isolde M\u00fcller die Tore dieses Eventhauses ge\u00f6ffnet.\u201c Tja, das ist ja nun nicht erst 20 Jahre her und sind wirklich Mustermann und<br \/>\nM\u00fcller die Gr\u00fcnder gewesen? Wir recherchieren die richtigen Fakten.<\/p>\n<p class=\"bodytext\">Oder in Ihrem Krimi hei\u00dft der mutma\u00dfliche M\u00f6rder Jonas M\u00f6lk \u2013 auf den Seiten 35 bis 39 aber pl\u00f6tzlich Jonas Melk. Wir passen auf, dass sich in Ihre Texte keine inhaltlichen oder sachlichen Fehler einschleichen.<\/p>\n<h2>Schreibblockade? Wir unterst\u00fctzen Autoren in Krisen<\/h2>\n<p class=\"bodytext\">Mitten im dritten Kapitel erwischt es Sie: Nichts geht mehr, die Figuren wollen nicht mehr miteinander sprechen, die Handlung stockt oder &#8211; der schlimmste Fall: Sie wissen einfach nicht mehr, wie es weitergehen soll. Sie sitzen vor dem ber\u00fchmten wei\u00dfen Blatt, Sie meiden den Schreibtisch und fl\u00fcchten sich in verdr\u00e4ngende Aktionen. In ein, zwei Sitzungen sprechen wir \u00fcber Ihr konkretes Problem, schauen in Ihr Manuskript und helfen mit praktischen Tipps.<\/p>\n<\/div>\n","protected":false},"excerpt":{"rendered":"<p>Hamburger Lektorat \u2013 wir l\u00f6sen Ihre Textprobleme Das eigene Buch Sie haben Ihren Roman oder Ihre Autobiografie fertig geschrieben? Sie haben alle H\u00f6hen und Tiefen des Recherchierens, Schreibens und \u00dcberarbeitens durchlaufen und durchlitten \u2013 aber nun soll Ihr Buch endlich gedruckt werden. Wir lektorieren&nbsp; und korrigieren Ihr Manuskript so, dass Sie es einem Verlag anbieten &hellip; <\/p>\n<p><a class=\"more-link btn\" href=\"https:\/\/www.hamburgerlektorat.de\/wordpress\/\">Weiterlesen<\/a><\/p>\n","protected":false},"author":2,"featured_media":0,"parent":0,"menu_order":1,"comment_status":"open","ping_status":"open","template":"","meta":[],"_links":{"self":[{"href":"https:\/\/www.hamburgerlektorat.de\/wordpress\/wp-json\/wp\/v2\/pages\/2"}],"collection":[{"href":"https:\/\/www.hamburgerlektorat.de\/wordpress\/wp-json\/wp\/v2\/pages"}],"about":[{"href":"https:\/\/www.hamburgerlektorat.de\/wordpress\/wp-json\/wp\/v2\/types\/page"}],"author":[{"embeddable":true,"href":"https:\/\/www.hamburgerlektorat.de\/wordpress\/wp-json\/wp\/v2\/users\/2"}],"replies":[{"embeddable":true,"href":"https:\/\/www.hamburgerlektorat.de\/wordpress\/wp-json\/wp\/v2\/comments?post=2"}],"version-history":[{"count":10,"href":"https:\/\/www.hamburgerlektorat.de\/wordpress\/wp-json\/wp\/v2\/pages\/2\/revisions"}],"predecessor-version":[{"id":298,"href":"https:\/\/www.hamburgerlektorat.de\/wordpress\/wp-json\/wp\/v2\/pages\/2\/revisions\/298"}],"wp:attachment":[{"href":"https:\/\/www.hamburgerlektorat.de\/wordpress\/wp-json\/wp\/v2\/media?parent=2"}],"curies":[{"name":"wp","href":"https:\/\/api.w.org\/{rel}","templated":true}]}}