{"id":7,"date":"2015-06-01T19:05:04","date_gmt":"2015-06-01T17:05:04","guid":{"rendered":"http:\/\/www.hamburgerlektorat.de\/wordpress\/?page_id=7"},"modified":"2019-01-19T15:46:52","modified_gmt":"2019-01-19T14:46:52","slug":"was-wir-bieten","status":"publish","type":"page","link":"https:\/\/www.hamburgerlektorat.de\/wordpress\/was-wir-bieten\/","title":{"rendered":"Was wir bieten"},"content":{"rendered":"<div class=\"csc-textpic-text\">\n<p class=\"bodytext\">Wir korrigieren schnell, professionell und zuverl\u00e4ssig Ihre Texte: Werbetexte, Flyer, Brosch\u00fcren, Gesch\u00e4ftsberichte, Druckvorlagen, Artikel, Firmenzeitschriften.<\/p>\n<p class=\"bodytext\">Auch Texte f\u00fcr Ihre Homepage bearbeiten wir Ihnen bez\u00fcglich Stil, Rechtschreibung und Grammatik.<\/p>\n<p class=\"bodytext\">Wir lektorieren (die Korrektur inklusive) schnell, professionell und zuverl\u00e4ssig Belletristik (Romane, Krimis, Kinder- und Jugendliteratur), Ratgeber, Sach- und Fachb\u00fccher, popul\u00e4rwissenschaftliche Artikel und Texte.<\/p>\n<p class=\"bodytext\">Gern bereiten wir Ihre B\u00fccher f\u00fcr das Verlagsangebot vor: So lektorieren wir den gesamten Text, schreiben Ihnen das Expos\u00e9 und verfassen Ihnen das Anschreiben.<\/p>\n<p class=\"bodytext\">In Schreibkrisen und -blockaden unterst\u00fctzen wir Autoren im Gespr\u00e4ch mit praktischen Ratschl\u00e4gen.<\/p>\n<p class=\"bodytext\">Unsere Leistungen im Einzelnen:<\/p>\n<\/div>\n<ul>\n<li><strong>Einfaches Korrektorat<\/strong>: Fehlerkorrektur Orthografie\/Grammatik ohne Stilpr\u00fcfung<\/li>\n<\/ul>\n<ul>\n<li><strong>Einfaches Lektorat<\/strong>: Fehlerkorrektur Orthografie\/Grammatik mit Stilpr\u00fcfung ohne \u00c4nderungsvorschl\u00e4ge<\/li>\n<\/ul>\n<ul>\n<li><strong>Umfassendes Lektorat<\/strong>: Fehlerkorrektur Orthografie\/Grammatik mit Stil- und inhaltlicher Pr\u00fcfung inkl. \u00c4nderungsvorschl\u00e4gen<\/li>\n<\/ul>\n<ul>\n<li><strong>Fachlektorat Belletristik<\/strong>: Fehlerkorrektur Orthografie\/Grammatik mit Stil- und inhaltlicher Pr\u00fcfung inkl. \u00c4nderungsvorschl\u00e4gen, Beurteilung des Konzepts und des Inhalts, Vorschl\u00e4ge zum K\u00fcrzen\/Erweitern, \u00dcberpr\u00fcfen von Fakten<\/li>\n<\/ul>\n<ul>\n<li><strong>Fachlektorat popul\u00e4rwissenschaftliche Fachtexte, Sach- und Fachbuch<\/strong>: Fehlerkorrektur Orthografie\/Grammatik mit Stil- und inhaltlicher Pr\u00fcfung inkl. \u00c4nderungsvorschl\u00e4gen, Beurteilung des Konzepts und des Inhalts, Pr\u00fcfung von Fu\u00dfnoten und Literaturverzeichnis<\/li>\n<\/ul>\n<ul>\n<li><strong>Anschreiben f\u00fcr Verlage<\/strong><\/li>\n<li><strong>Verfassen von Expos\u00e9s<\/strong><\/li>\n<li><strong>Verfassen von Klappentexten<\/strong><\/li>\n<li><strong>Autorencoaching<\/strong><\/li>\n<li><strong>Expresslieferung<\/strong> \u00fcber Nacht\/innerhalb 1 Tages, am Wochenende und an Feiertagen<\/li>\n<\/ul>\n<p>Gern senden wir Ihnen auf Anfrage unsere aktuelle Preisliste zu.<\/p>\n","protected":false},"excerpt":{"rendered":"<p>Wir korrigieren schnell, professionell und zuverl\u00e4ssig Ihre Texte: Werbetexte, Flyer, Brosch\u00fcren, Gesch\u00e4ftsberichte, Druckvorlagen, Artikel, Firmenzeitschriften. Auch Texte f\u00fcr Ihre Homepage bearbeiten wir Ihnen bez\u00fcglich Stil, Rechtschreibung und Grammatik. Wir lektorieren (die Korrektur inklusive) schnell, professionell und zuverl\u00e4ssig Belletristik (Romane, Krimis, Kinder- und Jugendliteratur), Ratgeber, Sach- und Fachb\u00fccher, popul\u00e4rwissenschaftliche Artikel und Texte. Gern bereiten wir Ihre &hellip; <\/p>\n<p><a class=\"more-link btn\" href=\"https:\/\/www.hamburgerlektorat.de\/wordpress\/was-wir-bieten\/\">Weiterlesen<\/a><\/p>\n","protected":false},"author":2,"featured_media":0,"parent":0,"menu_order":2,"comment_status":"open","ping_status":"open","template":"","meta":[],"_links":{"self":[{"href":"https:\/\/www.hamburgerlektorat.de\/wordpress\/wp-json\/wp\/v2\/pages\/7"}],"collection":[{"href":"https:\/\/www.hamburgerlektorat.de\/wordpress\/wp-json\/wp\/v2\/pages"}],"about":[{"href":"https:\/\/www.hamburgerlektorat.de\/wordpress\/wp-json\/wp\/v2\/types\/page"}],"author":[{"embeddable":true,"href":"https:\/\/www.hamburgerlektorat.de\/wordpress\/wp-json\/wp\/v2\/users\/2"}],"replies":[{"embeddable":true,"href":"https:\/\/www.hamburgerlektorat.de\/wordpress\/wp-json\/wp\/v2\/comments?post=7"}],"version-history":[{"count":5,"href":"https:\/\/www.hamburgerlektorat.de\/wordpress\/wp-json\/wp\/v2\/pages\/7\/revisions"}],"predecessor-version":[{"id":244,"href":"https:\/\/www.hamburgerlektorat.de\/wordpress\/wp-json\/wp\/v2\/pages\/7\/revisions\/244"}],"wp:attachment":[{"href":"https:\/\/www.hamburgerlektorat.de\/wordpress\/wp-json\/wp\/v2\/media?parent=7"}],"curies":[{"name":"wp","href":"https:\/\/api.w.org\/{rel}","templated":true}]}}